{"id":2230,"date":"2022-05-02T02:31:10","date_gmt":"2022-05-01T22:31:10","guid":{"rendered":"https:\/\/onedubai-estate.com\/proprietati-in-business-bay\/"},"modified":"2022-09-29T14:43:56","modified_gmt":"2022-09-29T10:43:56","slug":"proprietati-in-business-bay","status":"publish","type":"page","link":"https:\/\/onedubaiestate.com\/ro\/proprietati-in-business-bay\/","title":{"rendered":"Business Bay Propriet\u0103\u021bi"},"content":{"rendered":"\t\t<div data-elementor-type=\"wp-page\" data-elementor-id=\"2230\" class=\"elementor elementor-2230 elementor-2226\" data-elementor-settings=\"{&quot;ha_cmc_init_switcher&quot;:&quot;no&quot;}\">\n\t\t\t\t\t\t<section class=\"elementor-section elementor-top-section elementor-element elementor-element-244f566 elementor-section-boxed elementor-section-height-default elementor-section-height-default\" data-id=\"244f566\" data-element_type=\"section\" data-e-type=\"section\" data-settings=\"{&quot;background_background&quot;:&quot;classic&quot;}\">\n\t\t\t\t\t\t<div class=\"elementor-container elementor-column-gap-default\">\n\t\t\t\t\t<div class=\"elementor-column elementor-col-100 elementor-top-column elementor-element elementor-element-17cee3f\" data-id=\"17cee3f\" data-element_type=\"column\" data-e-type=\"column\">\n\t\t\t<div class=\"elementor-widget-wrap elementor-element-populated\">\n\t\t\t\t\t\t<div class=\"elementor-element elementor-element-81ae334 elementor-widget elementor-widget-heading\" data-id=\"81ae334\" data-element_type=\"widget\" data-e-type=\"widget\" data-widget_type=\"heading.default\">\n\t\t\t\t<div class=\"elementor-widget-container\">\n\t\t\t\t\t<h2 class=\"elementor-heading-title elementor-size-default\">Business Bay Propriet\u0103\u021bi<\/h2>\t\t\t\t<\/div>\n\t\t\t\t<\/div>\n\t\t\t\t<div class=\"elementor-element elementor-element-6ccd183 elementor-widget elementor-widget-rem_list_properties\" data-id=\"6ccd183\" data-element_type=\"widget\" data-e-type=\"widget\" data-widget_type=\"rem_list_properties.default\">\n\t\t\t\t<div class=\"elementor-widget-container\">\n\t\t\t\t\t\r\n\t<div\r\n\t\tclass=\"ich-settings-main-wrap rem-listings-wrap-ajax-disable\"\r\n\t \tdata-lstyle=\"2\"\r\n\t \tdata-cols=\"col-sm-4 m-item rem-fixed-images\"\r\n\t \tdata-paged=\"1\"\r\n\t \tdata-total=\"16\"\r\n\t>\r\n\r\n\r\n\t\t\r\n\t<div class=\"row \"><div id=\"property-6068\" data-imagesheight=250px class=\"col-sm-4 m-item rem-fixed-images post-6068 rem_property type-rem_property status-publish has-post-thumbnail hentry rem_property_cat-business-bay-ro rem_property_cat-damac-ro\"><div class=\"rem-style-2 rem-property-box\">\r\n\t<div class=\"img-container\">\r\n\t\t<a target=\"\" href=\"https:\/\/onedubaiestate.com\/ro\/property\/canal-heights\/\">\r\n\t\t\t\t\t\t\t\t\t    <span class=\"property-type\">Apartament<\/span>\r\n\t\t\t            <span class=\"address-text\">\r\n                <i class=\"fa fa-map-marker-alt\"><\/i>\r\n                Business Bay            <\/span>\r\n            <span class=\"images-text\">\r\n                <i class=\"fa fa-camera\"><\/i>\r\n                5            <\/span>\r\n\t\t\t<img fetchpriority=\"high\" decoding=\"async\" width=\"2000\" height=\"2164\" src=\"https:\/\/onedubaiestate.com\/wp-content\/uploads\/2023\/03\/damac_canal_heights_1.jpeg\" class=\"img-responsive rem-f-image wp-post-image\" alt=\"\" data-pid=\"6068\" srcset=\"https:\/\/onedubaiestate.com\/wp-content\/uploads\/2023\/03\/damac_canal_heights_1.jpeg 2000w, https:\/\/onedubaiestate.com\/wp-content\/uploads\/2023\/03\/damac_canal_heights_1-277x300.jpeg 277w, https:\/\/onedubaiestate.com\/wp-content\/uploads\/2023\/03\/damac_canal_heights_1-946x1024.jpeg 946w, https:\/\/onedubaiestate.com\/wp-content\/uploads\/2023\/03\/damac_canal_heights_1-768x831.jpeg 768w, https:\/\/onedubaiestate.com\/wp-content\/uploads\/2023\/03\/damac_canal_heights_1-1420x1536.jpeg 1420w, https:\/\/onedubaiestate.com\/wp-content\/uploads\/2023\/03\/damac_canal_heights_1-1893x2048.jpeg 1893w\" sizes=\"(max-width: 2000px) 100vw, 2000px\" \/>\t\t<\/a>\r\n\t<\/div>\r\n\r\n\t<div class=\"content-container\">\r\n\t\t<a target=\"\" href=\"https:\/\/onedubaiestate.com\/ro\/property\/canal-heights\/\">\r\n\t\t    <h2 class=\"property-title\">Canal Heights<\/h2> \r\n\t\t<\/a>\r\n\t\t<p class=\"property-price\">\r\n            \t\t<\/p>\r\n\t\t<p class=\"property-excerpt\">\r\n\t\t\tCanal Heights este o dezvoltare reziden\u021bial\u0103 premium realizat\u0103 de DAMAC&hellip;\t\t<\/p>\r\n\r\n\t\t            <div class=\"detail inline-property-icons\">\r\n                                                                                                                                                                                                                    <span title=\"Area\" class=\"rem-info\">\r\n                                    <i class=\"fa fa-arrows-alt\"><\/i> &nbsp;\r\n                                    427 Sq Ft                                <\/span>\r\n                                                                                    <\/div>\r\n        \r\n\t\t<div class=\"content-footer\">\r\n\t\t\t<div class=\"agent-info\">\r\n\t\t\t    <img alt='' src='https:\/\/secure.gravatar.com\/avatar\/af5a137f22d65e8cbb77fd8ff9d34689f0b2eda95f4b97f16afb0ffc90ffbbd5?s=512&#038;d=mm&#038;r=g' srcset='https:\/\/secure.gravatar.com\/avatar\/af5a137f22d65e8cbb77fd8ff9d34689f0b2eda95f4b97f16afb0ffc90ffbbd5?s=1024&#038;d=mm&#038;r=g 2x' class='avatar avatar-512 photo' height='512' width='512' \/><a target=\"\" href=\"https:\/\/onedubaiestate.com\/ro\/author\/onedubaiestate-web\/?property_id=6068\"><span class=\"agent-name\">onedubaiestate.web<\/span><\/a>\t\t\t<\/div>\r\n\t\t\t<div class=\"icons-wrap\">\r\n\t\t\t\t                <ul>\r\n                    <li>\r\n                        <a title=\"Detalii\" target=\"\" href=\"https:\/\/onedubaiestate.com\/ro\/property\/canal-heights\/\">\r\n                            <i class=\"fa fa-share\"><\/i>\r\n                        <\/a>\r\n                    <\/li>\r\n                                                            <li>\r\n                        <a href=\"#\" class=\"rem-compare-btn\" title=\"Compar\u0103\" data-property_id=\"6068\">\r\n                            <i class=\"fa fa-plus\"><\/i>\r\n                        <\/a>\r\n                    <\/li>\r\n                                    <\/ul>\r\n            \t\t\t<\/div>\r\n\t\t\t<div class=\"clearfix\"><\/div>\r\n\t\t<\/div>\r\n\t<\/div>\r\n<\/div><\/div><div id=\"property-3464\" data-imagesheight=250px class=\"col-sm-4 m-item rem-fixed-images post-3464 rem_property type-rem_property status-publish has-post-thumbnail hentry rem_property_cat-business-bay-ro\"><div class=\"rem-style-2 rem-property-box\">\r\n\t<div class=\"img-container\">\r\n\t\t<a target=\"\" href=\"https:\/\/onedubaiestate.com\/ro\/property\/un-zaabeel\/\">\r\n\t\t\t\t\t\t\t\t\t    <span class=\"property-type\">Apartament<\/span>\r\n\t\t\t            <span class=\"address-text\">\r\n                <i class=\"fa fa-map-marker-alt\"><\/i>\r\n                Za&#039;Abeel Park            <\/span>\r\n            <span class=\"images-text\">\r\n                <i class=\"fa fa-camera\"><\/i>\r\n                0            <\/span>\r\n\t\t\t<img decoding=\"async\" width=\"710\" height=\"719\" src=\"https:\/\/onedubaiestate.com\/wp-content\/uploads\/2022\/07\/soldout8Artboard-11-8.png\" class=\"img-responsive rem-f-image wp-post-image\" alt=\"\" data-pid=\"3464\" srcset=\"https:\/\/onedubaiestate.com\/wp-content\/uploads\/2022\/07\/soldout8Artboard-11-8.png 710w, https:\/\/onedubaiestate.com\/wp-content\/uploads\/2022\/07\/soldout8Artboard-11-8-296x300.png 296w\" sizes=\"(max-width: 710px) 100vw, 710px\" \/>\t\t<\/a>\r\n\t<\/div>\r\n\r\n\t<div class=\"content-container\">\r\n\t\t<a target=\"\" href=\"https:\/\/onedubaiestate.com\/ro\/property\/un-zaabeel\/\">\r\n\t\t    <h2 class=\"property-title\">One Za&#8217;abeel<\/h2> \r\n\t\t<\/a>\r\n\t\t<p class=\"property-price\">\r\n                           <span class=\"price\"><span class=\"rem-price-amount\">1,060,000.00&nbsp;<span class=\"rem-currency-symbol\">&euro;<\/span><\/span><\/span> \r\n            \t\t<\/p>\r\n\t\t<p class=\"property-excerpt\">\r\n\t\t\tAchizi\u021bionarea unei propriet\u0103\u021bi \u00een One Za&#8217;abeel v\u0103 va permite s\u0103&hellip;\t\t<\/p>\r\n\r\n\t\t            <div class=\"detail inline-property-icons\">\r\n                                                                                                                            <span title=\"Beds\" class=\"rem-info\">\r\n                                    <i class=\"fa fa-bed\"><\/i> &nbsp;\r\n                                    1-3                                <\/span>\r\n                                                                                                                                                                                    <span title=\"Baths\" class=\"rem-info\">\r\n                                    <i class=\"fa fa-bath\"><\/i> &nbsp;\r\n                                    1-3                                <\/span>\r\n                                                                                                                                <\/div>\r\n        \r\n\t\t<div class=\"content-footer\">\r\n\t\t\t<div class=\"agent-info\">\r\n\t\t\t    <img alt='' src='https:\/\/secure.gravatar.com\/avatar\/af5a137f22d65e8cbb77fd8ff9d34689f0b2eda95f4b97f16afb0ffc90ffbbd5?s=512&#038;d=mm&#038;r=g' srcset='https:\/\/secure.gravatar.com\/avatar\/af5a137f22d65e8cbb77fd8ff9d34689f0b2eda95f4b97f16afb0ffc90ffbbd5?s=1024&#038;d=mm&#038;r=g 2x' class='avatar avatar-512 photo' height='512' width='512' \/><a target=\"\" href=\"https:\/\/onedubaiestate.com\/ro\/author\/onedubaiestate-web\/?property_id=3464\"><span class=\"agent-name\">onedubaiestate.web<\/span><\/a>\t\t\t<\/div>\r\n\t\t\t<div class=\"icons-wrap\">\r\n\t\t\t\t                <ul>\r\n                    <li>\r\n                        <a title=\"Detalii\" target=\"\" href=\"https:\/\/onedubaiestate.com\/ro\/property\/un-zaabeel\/\">\r\n                            <i class=\"fa fa-share\"><\/i>\r\n                        <\/a>\r\n                    <\/li>\r\n                                                            <li>\r\n                        <a href=\"#\" class=\"rem-compare-btn\" title=\"Compar\u0103\" data-property_id=\"3464\">\r\n                            <i class=\"fa fa-plus\"><\/i>\r\n                        <\/a>\r\n                    <\/li>\r\n                                    <\/ul>\r\n            \t\t\t<\/div>\r\n\t\t\t<div class=\"clearfix\"><\/div>\r\n\t\t<\/div>\r\n\t<\/div>\r\n<\/div><\/div><div id=\"property-1742\" data-imagesheight=250px class=\"col-sm-4 m-item rem-fixed-images post-1742 rem_property type-rem_property status-publish has-post-thumbnail hentry rem_property_cat-business-bay-ro\"><div class=\"rem-style-2 rem-property-box\">\r\n\t<div class=\"img-container\">\r\n\t\t<a target=\"\" href=\"https:\/\/onedubaiestate.com\/ro\/property\/peninsula-de-select-group\/\">\r\n\t\t\t\t\t\t\t\t\t    <span class=\"property-type\">Apartament<\/span>\r\n\t\t\t            <span class=\"address-text\">\r\n                <i class=\"fa fa-map-marker-alt\"><\/i>\r\n                Business Bay            <\/span>\r\n            <span class=\"images-text\">\r\n                <i class=\"fa fa-camera\"><\/i>\r\n                7            <\/span>\r\n\t\t\t<img decoding=\"async\" src=\"https:\/\/onedubaiestate.com\/wp-content\/uploads\/2022\/04\/04_Downtown_View_Day-1.jpg\" class=\"img-responsive rem-f-image wp-post-image\" alt=\"\" data-pid=\"1742\" \/>\t\t<\/a>\r\n\t<\/div>\r\n\r\n\t<div class=\"content-container\">\r\n\t\t<a target=\"\" href=\"https:\/\/onedubaiestate.com\/ro\/property\/peninsula-de-select-group\/\">\r\n\t\t    <h2 class=\"property-title\">Peninsula by Select Group<\/h2> \r\n\t\t<\/a>\r\n\t\t<p class=\"property-price\">\r\n                           <span class=\"price\"><span class=\"rem-price-amount\">200,000.00&nbsp;<span class=\"rem-currency-symbol\">&euro;<\/span><\/span><\/span> \r\n            \t\t<\/p>\r\n\t\t<p class=\"property-excerpt\">\r\n\t\t\tPeninsula este situat\u0103 strategic \u00een inima Business Bay-ului, aproape de&hellip;\t\t<\/p>\r\n\r\n\t\t            <div class=\"detail inline-property-icons\">\r\n                                                                                                                            <span title=\"Beds\" class=\"rem-info\">\r\n                                    <i class=\"fa fa-bed\"><\/i> &nbsp;\r\n                                    1-3                                <\/span>\r\n                                                                                                                                                                                    <span title=\"Baths\" class=\"rem-info\">\r\n                                    <i class=\"fa fa-bath\"><\/i> &nbsp;\r\n                                    1-3                                <\/span>\r\n                                                                                                                                <\/div>\r\n        \r\n\t\t<div class=\"content-footer\">\r\n\t\t\t<div class=\"agent-info\">\r\n\t\t\t    <img alt='' src='https:\/\/secure.gravatar.com\/avatar\/b65fcf8084e9ecf3dbc27f0f676110b9248d4fddc596fa3c6bc85fb592d905f0?s=512&#038;d=mm&#038;r=g' srcset='https:\/\/secure.gravatar.com\/avatar\/b65fcf8084e9ecf3dbc27f0f676110b9248d4fddc596fa3c6bc85fb592d905f0?s=1024&#038;d=mm&#038;r=g 2x' class='avatar avatar-512 photo' height='512' width='512' \/><a target=\"\" href=\"https:\/\/onedubaiestate.com\/ro\/author\/odeagent\/?property_id=1742\"><span class=\"agent-name\">One Dubai Estate<\/span><\/a>\t\t\t<\/div>\r\n\t\t\t<div class=\"icons-wrap\">\r\n\t\t\t\t                <ul>\r\n                    <li>\r\n                        <a title=\"Detalii\" target=\"\" href=\"https:\/\/onedubaiestate.com\/ro\/property\/peninsula-de-select-group\/\">\r\n                            <i class=\"fa fa-share\"><\/i>\r\n                        <\/a>\r\n                    <\/li>\r\n                                                            <li>\r\n                        <a href=\"#\" class=\"rem-compare-btn\" title=\"Compar\u0103\" data-property_id=\"1742\">\r\n                            <i class=\"fa fa-plus\"><\/i>\r\n                        <\/a>\r\n                    <\/li>\r\n                                    <\/ul>\r\n            \t\t\t<\/div>\r\n\t\t\t<div class=\"clearfix\"><\/div>\r\n\t\t<\/div>\r\n\t<\/div>\r\n<\/div><\/div><\/div><div class=\"text-center\"><\/div>\t<\/div>\r\n\t\t\t\t\t<\/div>\n\t\t\t\t<\/div>\n\t\t\t\t\t<\/div>\n\t\t<\/div>\n\t\t\t\t\t<\/div>\n\t\t<\/section>\n\t\t\t\t<section class=\"elementor-section elementor-top-section elementor-element elementor-element-dd6811c elementor-section-boxed elementor-section-height-default elementor-section-height-default\" data-id=\"dd6811c\" data-element_type=\"section\" data-e-type=\"section\" data-settings=\"{&quot;background_background&quot;:&quot;classic&quot;}\">\n\t\t\t\t\t\t<div class=\"elementor-container elementor-column-gap-default\">\n\t\t\t\t\t<div class=\"elementor-column elementor-col-100 elementor-top-column elementor-element elementor-element-61d239c\" data-id=\"61d239c\" data-element_type=\"column\" data-e-type=\"column\">\n\t\t\t<div class=\"elementor-widget-wrap elementor-element-populated\">\n\t\t\t\t\t\t<div class=\"elementor-element elementor-element-8c6f6a6 elementor-widget elementor-widget-heading\" data-id=\"8c6f6a6\" data-element_type=\"widget\" data-e-type=\"widget\" data-widget_type=\"heading.default\">\n\t\t\t\t<div class=\"elementor-widget-container\">\n\t\t\t\t\t<h2 class=\"elementor-heading-title elementor-size-default\">Investe\u0219te ast\u0103zi \u00een Dubai<\/h2>\t\t\t\t<\/div>\n\t\t\t\t<\/div>\n\t\t\t\t<div class=\"elementor-element elementor-element-228c039 elementor-align-center elementor-widget elementor-widget-button\" data-id=\"228c039\" data-element_type=\"widget\" data-e-type=\"widget\" data-widget_type=\"button.default\">\n\t\t\t\t<div class=\"elementor-widget-container\">\n\t\t\t\t\t\t\t\t\t<div class=\"elementor-button-wrapper\">\n\t\t\t\t\t<a class=\"elementor-button elementor-button-link elementor-size-sm\" href=\"https:\/\/onedubaiestate.com\/ro\/contacteaza-ne-2\/\">\n\t\t\t\t\t\t<span class=\"elementor-button-content-wrapper\">\n\t\t\t\t\t\t\t\t\t<span class=\"elementor-button-text\">Contacteaz\u0103-ne<\/span>\n\t\t\t\t\t<\/span>\n\t\t\t\t\t<\/a>\n\t\t\t\t<\/div>\n\t\t\t\t\t\t\t\t<\/div>\n\t\t\t\t<\/div>\n\t\t\t\t\t<\/div>\n\t\t<\/div>\n\t\t\t\t\t<\/div>\n\t\t<\/section>\n\t\t\t\t<\/div>\n\t\t","protected":false},"excerpt":{"rendered":"<p>Business Bay Propriet\u0103\u021bi Apartment Parcul Za&#8217;Abeel 14 One Za&#8217;abeel 1,060,000.00&nbsp;&euro; Achizi\u021bionarea unei propriet\u0103\u021bi \u00een One Za&#8217;abeel v\u0103 va permite s\u0103&hellip; &nbsp; 1-3 &nbsp; 1-3 onedubaiestate.web Apartment Business Bay 7 Peninsula de Select Group 200,000.00&nbsp;&euro; Peninsula este situat\u0103 strategic \u00een inima Business Bay-ului, aproape de&hellip; &nbsp; 1-3 &nbsp; 1-3 One Dubai Estate Investe\u0219te ast\u0103zi \u00een Dubai [&hellip;]<\/p>\n","protected":false},"author":2,"featured_media":0,"parent":0,"menu_order":0,"comment_status":"closed","ping_status":"closed","template":"","meta":{"inline_featured_image":false,"footnotes":""},"class_list":["post-2230","page","type-page","status-publish","hentry"],"_links":{"self":[{"href":"https:\/\/onedubaiestate.com\/ro\/wp-json\/wp\/v2\/pages\/2230","targetHints":{"allow":["GET"]}}],"collection":[{"href":"https:\/\/onedubaiestate.com\/ro\/wp-json\/wp\/v2\/pages"}],"about":[{"href":"https:\/\/onedubaiestate.com\/ro\/wp-json\/wp\/v2\/types\/page"}],"author":[{"embeddable":true,"href":"https:\/\/onedubaiestate.com\/ro\/wp-json\/wp\/v2\/users\/2"}],"replies":[{"embeddable":true,"href":"https:\/\/onedubaiestate.com\/ro\/wp-json\/wp\/v2\/comments?post=2230"}],"version-history":[{"count":5,"href":"https:\/\/onedubaiestate.com\/ro\/wp-json\/wp\/v2\/pages\/2230\/revisions"}],"predecessor-version":[{"id":5140,"href":"https:\/\/onedubaiestate.com\/ro\/wp-json\/wp\/v2\/pages\/2230\/revisions\/5140"}],"wp:attachment":[{"href":"https:\/\/onedubaiestate.com\/ro\/wp-json\/wp\/v2\/media?parent=2230"}],"curies":[{"name":"wp","href":"https:\/\/api.w.org\/{rel}","templated":true}]}}