{"id":4066,"date":"2022-08-17T11:42:04","date_gmt":"2022-08-17T07:42:04","guid":{"rendered":"https:\/\/onedubai-estate.com\/blog-2\/"},"modified":"2022-08-17T11:56:27","modified_gmt":"2022-08-17T07:56:27","slug":"blog-2","status":"publish","type":"page","link":"https:\/\/onedubaiestate.com\/ro\/blog-2\/","title":{"rendered":"Blog"},"content":{"rendered":"\t\t<div data-elementor-type=\"wp-page\" data-elementor-id=\"4066\" class=\"elementor elementor-4066 elementor-4059\" data-elementor-settings=\"{&quot;ha_cmc_init_switcher&quot;:&quot;no&quot;}\">\n\t\t\t\t\t\t<section class=\"elementor-section elementor-top-section elementor-element elementor-element-6d03151 elementor-section-boxed elementor-section-height-default elementor-section-height-default\" data-id=\"6d03151\" data-element_type=\"section\" data-e-type=\"section\" data-settings=\"{&quot;background_background&quot;:&quot;classic&quot;}\">\n\t\t\t\t\t\t<div class=\"elementor-container elementor-column-gap-default\">\n\t\t\t\t\t<div class=\"elementor-column elementor-col-100 elementor-top-column elementor-element elementor-element-0312e8f\" data-id=\"0312e8f\" data-element_type=\"column\" data-e-type=\"column\">\n\t\t\t<div class=\"elementor-widget-wrap elementor-element-populated\">\n\t\t\t\t\t\t<div class=\"elementor-element elementor-element-64854a1 elementor-widget elementor-widget-heading\" data-id=\"64854a1\" data-element_type=\"widget\" data-e-type=\"widget\" data-widget_type=\"heading.default\">\n\t\t\t\t<div class=\"elementor-widget-container\">\n\t\t\t\t\t<h2 class=\"elementor-heading-title elementor-size-default\">BLOG<\/h2>\t\t\t\t<\/div>\n\t\t\t\t<\/div>\n\t\t\t\t\t<\/div>\n\t\t<\/div>\n\t\t\t\t\t<\/div>\n\t\t<\/section>\n\t\t\t\t<section class=\"elementor-section elementor-top-section elementor-element elementor-element-3e5271e elementor-section-boxed elementor-section-height-default elementor-section-height-default\" data-id=\"3e5271e\" data-element_type=\"section\" data-e-type=\"section\">\n\t\t\t\t\t\t<div class=\"elementor-container elementor-column-gap-default\">\n\t\t\t\t\t<div class=\"elementor-column elementor-col-100 elementor-top-column elementor-element elementor-element-50b2de9\" data-id=\"50b2de9\" data-element_type=\"column\" data-e-type=\"column\">\n\t\t\t<div class=\"elementor-widget-wrap elementor-element-populated\">\n\t\t\t\t\t\t<div class=\"elementor-element elementor-element-c7b4213 elementor-widget elementor-widget-ha-post-list happy-addon ha-post-list\" data-id=\"c7b4213\" data-element_type=\"widget\" data-e-type=\"widget\" data-widget_type=\"ha-post-list.default\">\n\t\t\t\t<div class=\"elementor-widget-container\">\n\t\t\t\t\t\t\t\t<div class=\"ha-post-list-wrapper\">\n\t\t\t\t<ul class=\"ha-post-list\" >\n\t\t\t\t\t\t\t\t\t\t\t<li class=\"ha-post-list-item\">\n\t\t\t\t\t\t\t<a href=\"https:\/\/onedubaiestate.com\/ro\/de-ce-dubai\/\">\n\t\t\t\t\t\t\t\t<img fetchpriority=\"high\" decoding=\"async\" width=\"300\" height=\"300\" src=\"https:\/\/onedubaiestate.com\/wp-content\/uploads\/2022\/08\/why-dubai-300x300.png\" class=\"attachment-medium size-medium wp-post-image\" alt=\"\" srcset=\"https:\/\/onedubaiestate.com\/wp-content\/uploads\/2022\/08\/why-dubai-300x300.png 300w, https:\/\/onedubaiestate.com\/wp-content\/uploads\/2022\/08\/why-dubai-1024x1024.png 1024w, https:\/\/onedubaiestate.com\/wp-content\/uploads\/2022\/08\/why-dubai-150x150.png 150w, https:\/\/onedubaiestate.com\/wp-content\/uploads\/2022\/08\/why-dubai-768x768.png 768w, https:\/\/onedubaiestate.com\/wp-content\/uploads\/2022\/08\/why-dubai.png 1080w\" sizes=\"(max-width: 300px) 100vw, 300px\" \/>\t\t\t\t\t\t\t\t<div class=\"ha-post-list-content\">\n\t\t\t\t\t\t\t\t\t<h2 class=\"ha-post-list-title\">DE CE DUBAI?<\/h2>\t\t\t\t\t\t\t\t\t\t\t\t\t\t\t\t\t\t\t<div class=\"ha-post-list-meta-wrap\">\n\n\t\t\t\t\t\t\t\t\t\t\t\n\t\t\t\t\t\t\t\t\t\t\t\t\t\t\t\t\t\t\t\t\t\t\t<span class=\"ha-post-list-date\">\n\t\t\t\t\t\t\t\t\t\t\t\t\t<i aria-hidden=\"true\" class=\"far fa-calendar-check\"><\/i>august 17, 2022\t\t\t\t\t\t\t\t\t\t\t\t<\/span>\n\t\t\t\t\t\t\t\t\t\t\t\n\t\t\t\t\t\t\t\t\t\t\t\t\t\t\t\t\t\t\t\t\t\t\t<span class=\"ha-post-list-category\">\n\t\t\t\t\t\t\t\t\t\t\t\t<i aria-hidden=\"true\" class=\"far fa-folder-open\"><\/i>Why Dubai\t\t\t\t\t\t\t\t\t\t\t\t<\/span>\n\t\t\t\t\t\t\t\t\t\t\t\n\t\t\t\t\t\t\t\t\t\t\t\n\t\t\t\t\t\t\t\t\t\t<\/div>\n\t\t\t\t\t\t\t\t\t\t\t\t\t\t\t\t\t\t\t\t\t\t\t\t\t\t\t\t\t\t\t\t\t\t\t\t\t<div class=\"ha-post-list-excerpt\">\n\t\t\t\t\t\t\t\t\t\t\t<p>Pe l\u00e2ng\u0103 faptul c\u0103 este cunoscut pentru skyline-ul s\u0103u emblematic, stilul de via\u021b\u0103 opulent \u0219i statisticile sale record, Dubai \u0219i-a construit reputa\u021bia de centru de.<\/p>\t\t\t\t\t\t\t\t\t\t<\/div>\n\t\t\t\t\t\t\t\t\t\t\t\t\t\t\t\t\t<\/div>\n\t\t\t\t\t\t\t<\/a>\n\t\t\t\t\t\t<\/li>\n\t\t\t\t\t\t\t\t\t\t\t<li class=\"ha-post-list-item\">\n\t\t\t\t\t\t\t<a href=\"https:\/\/onedubaiestate.com\/ro\/investitii-in-dubai%ef%bf%bc\/\">\n\t\t\t\t\t\t\t\t<img decoding=\"async\" width=\"300\" height=\"300\" src=\"https:\/\/onedubaiestate.com\/wp-content\/uploads\/2022\/08\/WHY-YOU-SHOULD-INVESTING-IN-DUBAI-1-300x300.png\" class=\"attachment-medium size-medium wp-post-image\" alt=\"\" srcset=\"https:\/\/onedubaiestate.com\/wp-content\/uploads\/2022\/08\/WHY-YOU-SHOULD-INVESTING-IN-DUBAI-1-300x300.png 300w, https:\/\/onedubaiestate.com\/wp-content\/uploads\/2022\/08\/WHY-YOU-SHOULD-INVESTING-IN-DUBAI-1-1024x1024.png 1024w, https:\/\/onedubaiestate.com\/wp-content\/uploads\/2022\/08\/WHY-YOU-SHOULD-INVESTING-IN-DUBAI-1-150x150.png 150w, https:\/\/onedubaiestate.com\/wp-content\/uploads\/2022\/08\/WHY-YOU-SHOULD-INVESTING-IN-DUBAI-1-768x768.png 768w, https:\/\/onedubaiestate.com\/wp-content\/uploads\/2022\/08\/WHY-YOU-SHOULD-INVESTING-IN-DUBAI-1.png 1080w\" sizes=\"(max-width: 300px) 100vw, 300px\" \/>\t\t\t\t\t\t\t\t<div class=\"ha-post-list-content\">\n\t\t\t\t\t\t\t\t\t<h2 class=\"ha-post-list-title\">Investi\u021bii \u00een Dubai<\/h2>\t\t\t\t\t\t\t\t\t\t\t\t\t\t\t\t\t\t\t<div class=\"ha-post-list-meta-wrap\">\n\n\t\t\t\t\t\t\t\t\t\t\t\n\t\t\t\t\t\t\t\t\t\t\t\t\t\t\t\t\t\t\t\t\t\t\t<span class=\"ha-post-list-date\">\n\t\t\t\t\t\t\t\t\t\t\t\t\t<i aria-hidden=\"true\" class=\"far fa-calendar-check\"><\/i>august 17, 2022\t\t\t\t\t\t\t\t\t\t\t\t<\/span>\n\t\t\t\t\t\t\t\t\t\t\t\n\t\t\t\t\t\t\t\t\t\t\t\t\t\t\t\t\t\t\t\t\t\t\t<span class=\"ha-post-list-category\">\n\t\t\t\t\t\t\t\t\t\t\t\t<i aria-hidden=\"true\" class=\"far fa-folder-open\"><\/i>Investing\t\t\t\t\t\t\t\t\t\t\t\t<\/span>\n\t\t\t\t\t\t\t\t\t\t\t\n\t\t\t\t\t\t\t\t\t\t\t\n\t\t\t\t\t\t\t\t\t\t<\/div>\n\t\t\t\t\t\t\t\t\t\t\t\t\t\t\t\t\t\t\t\t\t\t\t\t\t\t\t\t\t\t\t\t\t\t\t\t\t<div class=\"ha-post-list-excerpt\">\n\t\t\t\t\t\t\t\t\t\t\t<p>Atunci c\u00e2nd achizi\u021biona\u021bi o proprietate, pute\u021bi s\u0103 cump\u0103ra\u021bi proprietatea cu numerar, sau cu un \u00eemprumut bancar. Dac\u0103 ave\u021bi nevoie de finan\u021bare pentru a cump\u0103ra o.<\/p>\t\t\t\t\t\t\t\t\t\t<\/div>\n\t\t\t\t\t\t\t\t\t\t\t\t\t\t\t\t\t<\/div>\n\t\t\t\t\t\t\t<\/a>\n\t\t\t\t\t\t<\/li>\n\t\t\t\t\t\t\t\t\t<\/ul>\n\t\t\t<\/div>\n\t\t\t\t\t\t\t<\/div>\n\t\t\t\t<\/div>\n\t\t\t\t\t<\/div>\n\t\t<\/div>\n\t\t\t\t\t<\/div>\n\t\t<\/section>\n\t\t\t\t<\/div>\n\t\t","protected":false},"excerpt":{"rendered":"<p>BLOG Investing\u00a0in Dubai\ufffc August 17, 2022 Investing When purchasing a property, you can either be a cash buyer, wherein you buy your property with cash, or you can buy your property with.<\/p>\n","protected":false},"author":1,"featured_media":0,"parent":0,"menu_order":0,"comment_status":"closed","ping_status":"closed","template":"","meta":{"inline_featured_image":false,"footnotes":""},"class_list":["post-4066","page","type-page","status-publish","hentry"],"_links":{"self":[{"href":"https:\/\/onedubaiestate.com\/ro\/wp-json\/wp\/v2\/pages\/4066","targetHints":{"allow":["GET"]}}],"collection":[{"href":"https:\/\/onedubaiestate.com\/ro\/wp-json\/wp\/v2\/pages"}],"about":[{"href":"https:\/\/onedubaiestate.com\/ro\/wp-json\/wp\/v2\/types\/page"}],"author":[{"embeddable":true,"href":"https:\/\/onedubaiestate.com\/ro\/wp-json\/wp\/v2\/users\/1"}],"replies":[{"embeddable":true,"href":"https:\/\/onedubaiestate.com\/ro\/wp-json\/wp\/v2\/comments?post=4066"}],"version-history":[{"count":3,"href":"https:\/\/onedubaiestate.com\/ro\/wp-json\/wp\/v2\/pages\/4066\/revisions"}],"predecessor-version":[{"id":4081,"href":"https:\/\/onedubaiestate.com\/ro\/wp-json\/wp\/v2\/pages\/4066\/revisions\/4081"}],"wp:attachment":[{"href":"https:\/\/onedubaiestate.com\/ro\/wp-json\/wp\/v2\/media?parent=4066"}],"curies":[{"name":"wp","href":"https:\/\/api.w.org\/{rel}","templated":true}]}}