{"id":407,"date":"2022-04-08T02:31:12","date_gmt":"2022-04-07T22:31:12","guid":{"rendered":"https:\/\/onedubai-estate.com\/despre-noi-2\/"},"modified":"2022-11-03T10:48:28","modified_gmt":"2022-11-03T06:48:28","slug":"despre-noi-2","status":"publish","type":"page","link":"https:\/\/onedubaiestate.com\/ro\/despre-noi-2\/","title":{"rendered":"Despre noi"},"content":{"rendered":"\t\t<div data-elementor-type=\"wp-page\" data-elementor-id=\"407\" class=\"elementor elementor-407 elementor-405\" data-elementor-settings=\"{&quot;ha_cmc_init_switcher&quot;:&quot;no&quot;}\">\n\t\t\t\t\t\t<section class=\"elementor-section elementor-top-section elementor-element elementor-element-6fd16c2 elementor-section-boxed elementor-section-height-default elementor-section-height-default\" data-id=\"6fd16c2\" data-element_type=\"section\" data-e-type=\"section\" data-settings=\"{&quot;background_background&quot;:&quot;classic&quot;}\">\n\t\t\t\t\t\t<div class=\"elementor-container elementor-column-gap-default\">\n\t\t\t\t\t<div class=\"elementor-column elementor-col-50 elementor-top-column elementor-element elementor-element-f74e609\" data-id=\"f74e609\" data-element_type=\"column\" data-e-type=\"column\">\n\t\t\t<div class=\"elementor-widget-wrap elementor-element-populated\">\n\t\t\t\t\t\t<div class=\"elementor-element elementor-element-425bb36 elementor-widget elementor-widget-heading\" data-id=\"425bb36\" data-element_type=\"widget\" data-e-type=\"widget\" data-widget_type=\"heading.default\">\n\t\t\t\t<div class=\"elementor-widget-container\">\n\t\t\t\t\t<h2 class=\"elementor-heading-title elementor-size-default\">Despre noi<\/h2>\t\t\t\t<\/div>\n\t\t\t\t<\/div>\n\t\t\t\t<div class=\"elementor-element elementor-element-0a78f66 elementor-widget elementor-widget-text-editor\" data-id=\"0a78f66\" data-element_type=\"widget\" data-e-type=\"widget\" data-widget_type=\"text-editor.default\">\n\t\t\t\t<div class=\"elementor-widget-container\">\n\t\t\t\t\t\t\t\t\t<p>Dubai este unul dintre cele mai uimitoare locuri pentru a fi \u0219i \u00een mod clar un ora\u0219 foarte popular pentru investi\u021bii &#8211; \u0219i din motive \u00eentemeiate. De la insulele cu palmieri, la cea mai \u00eenalt\u0103 cl\u0103dire din lume, p\u00e2n\u0103 la kilometri \u0219i kilometri de plaje cu nisip \u0219i hoteluri de top cu priveli\u0219ti uimitoare, nu po\u021bi gre\u0219i \u00een Dubai. Dar \u00een Dubai exist\u0103 mai mult dec\u00e2t doar peisaj \u0219i investi\u021bii \u00een afaceri. Este de fapt un loc grozav de locuit!<\/p>\t\t\t\t\t\t\t\t<\/div>\n\t\t\t\t<\/div>\n\t\t\t\t\t<\/div>\n\t\t<\/div>\n\t\t\t\t<div class=\"elementor-column elementor-col-50 elementor-top-column elementor-element elementor-element-8135567\" data-id=\"8135567\" data-element_type=\"column\" data-e-type=\"column\">\n\t\t\t<div class=\"elementor-widget-wrap elementor-element-populated\">\n\t\t\t\t\t\t<div class=\"elementor-element elementor-element-fe5a0f9 elementor-widget elementor-widget-image\" data-id=\"fe5a0f9\" data-element_type=\"widget\" data-e-type=\"widget\" data-widget_type=\"image.default\">\n\t\t\t\t<div class=\"elementor-widget-container\">\n\t\t\t\t\t\t\t\t\t\t\t\t\t\t\t<img fetchpriority=\"high\" decoding=\"async\" width=\"800\" height=\"534\" src=\"https:\/\/onedubaiestate.com\/wp-content\/uploads\/2022\/11\/IMG_3317-1024x683.jpg\" class=\"attachment-large size-large wp-image-5413\" alt=\"\" srcset=\"https:\/\/onedubaiestate.com\/wp-content\/uploads\/2022\/11\/IMG_3317-1024x683.jpg 1024w, https:\/\/onedubaiestate.com\/wp-content\/uploads\/2022\/11\/IMG_3317-300x200.jpg 300w, https:\/\/onedubaiestate.com\/wp-content\/uploads\/2022\/11\/IMG_3317-768x512.jpg 768w, https:\/\/onedubaiestate.com\/wp-content\/uploads\/2022\/11\/IMG_3317-1536x1024.jpg 1536w\" sizes=\"(max-width: 800px) 100vw, 800px\" \/>\t\t\t\t\t\t\t\t\t\t\t\t\t\t\t<\/div>\n\t\t\t\t<\/div>\n\t\t\t\t\t<\/div>\n\t\t<\/div>\n\t\t\t\t\t<\/div>\n\t\t<\/section>\n\t\t\t\t<section class=\"elementor-section elementor-top-section elementor-element elementor-element-e101c41 elementor-section-boxed elementor-section-height-default elementor-section-height-default\" data-id=\"e101c41\" data-element_type=\"section\" data-e-type=\"section\" data-settings=\"{&quot;background_background&quot;:&quot;classic&quot;}\">\n\t\t\t\t\t\t<div class=\"elementor-container elementor-column-gap-default\">\n\t\t\t\t\t<div class=\"elementor-column elementor-col-100 elementor-top-column elementor-element elementor-element-2ce70a4\" data-id=\"2ce70a4\" data-element_type=\"column\" data-e-type=\"column\">\n\t\t\t<div class=\"elementor-widget-wrap elementor-element-populated\">\n\t\t\t\t\t\t<div class=\"elementor-element elementor-element-93ae9cd elementor-widget elementor-widget-heading\" data-id=\"93ae9cd\" data-element_type=\"widget\" data-e-type=\"widget\" data-widget_type=\"heading.default\">\n\t\t\t\t<div class=\"elementor-widget-container\">\n\t\t\t\t\t<h2 class=\"elementor-heading-title elementor-size-default\">One Dubai Estate este fondat\u0103 de dou\u0103 cupluri c\u0103s\u0103torite, <br>\nJean \u0219i Lisette Mendy \u0219i Alexandru \u0219i Iulia Serbinov.<\/h2>\t\t\t\t<\/div>\n\t\t\t\t<\/div>\n\t\t\t\t\t<\/div>\n\t\t<\/div>\n\t\t\t\t\t<\/div>\n\t\t<\/section>\n\t\t\t\t<section class=\"elementor-section elementor-top-section elementor-element elementor-element-dc6a5d7 elementor-reverse-mobile elementor-section-boxed elementor-section-height-default elementor-section-height-default\" data-id=\"dc6a5d7\" data-element_type=\"section\" data-e-type=\"section\" data-settings=\"{&quot;background_background&quot;:&quot;classic&quot;}\">\n\t\t\t\t\t\t<div class=\"elementor-container elementor-column-gap-default\">\n\t\t\t\t\t<div class=\"elementor-column elementor-col-50 elementor-top-column elementor-element elementor-element-47faae4\" data-id=\"47faae4\" data-element_type=\"column\" data-e-type=\"column\">\n\t\t\t<div class=\"elementor-widget-wrap elementor-element-populated\">\n\t\t\t\t\t\t<div class=\"elementor-element elementor-element-fcec49a elementor-widget elementor-widget-image\" data-id=\"fcec49a\" data-element_type=\"widget\" data-e-type=\"widget\" data-widget_type=\"image.default\">\n\t\t\t\t<div class=\"elementor-widget-container\">\n\t\t\t\t\t\t\t\t\t\t\t\t\t\t\t<img decoding=\"async\" width=\"800\" height=\"579\" src=\"https:\/\/onedubaiestate.com\/wp-content\/uploads\/2022\/04\/mendy-1024x741.jpg\" class=\"attachment-large size-large wp-image-1069\" alt=\"\" srcset=\"https:\/\/onedubaiestate.com\/wp-content\/uploads\/2022\/04\/mendy-1024x741.jpg 1024w, https:\/\/onedubaiestate.com\/wp-content\/uploads\/2022\/04\/mendy-300x217.jpg 300w, https:\/\/onedubaiestate.com\/wp-content\/uploads\/2022\/04\/mendy-768x555.jpg 768w, https:\/\/onedubaiestate.com\/wp-content\/uploads\/2022\/04\/mendy.jpg 1062w\" sizes=\"(max-width: 800px) 100vw, 800px\" \/>\t\t\t\t\t\t\t\t\t\t\t\t\t\t\t<\/div>\n\t\t\t\t<\/div>\n\t\t\t\t\t<\/div>\n\t\t<\/div>\n\t\t\t\t<div class=\"elementor-column elementor-col-50 elementor-top-column elementor-element elementor-element-85fe67a\" data-id=\"85fe67a\" data-element_type=\"column\" data-e-type=\"column\">\n\t\t\t<div class=\"elementor-widget-wrap elementor-element-populated\">\n\t\t\t\t\t\t<div class=\"elementor-element elementor-element-0cf484a elementor-widget elementor-widget-heading\" data-id=\"0cf484a\" data-element_type=\"widget\" data-e-type=\"widget\" data-widget_type=\"heading.default\">\n\t\t\t\t<div class=\"elementor-widget-container\">\n\t\t\t\t\t<h2 class=\"elementor-heading-title elementor-size-default\">The Mendies<\/h2>\t\t\t\t<\/div>\n\t\t\t\t<\/div>\n\t\t\t\t<div class=\"elementor-element elementor-element-6e3947c elementor-widget elementor-widget-text-editor\" data-id=\"6e3947c\" data-element_type=\"widget\" data-e-type=\"widget\" data-widget_type=\"text-editor.default\">\n\t\t\t\t<div class=\"elementor-widget-container\">\n\t\t\t\t\t\t\t\t\t<p>Dup\u0103 ce au c\u0103l\u0103torit \u00een \u00eentreaga lume pentru a urma cariera de fotbalist a lui Jean, so\u021bii Mendies au ales ca Dubai s\u0103 fie casa lor. Ei tr\u0103iesc \u00een Emiratele Arabe Unite cu copiii lor de aproximativ 5 ani \u0219i nu ar putea alege un loc mai bun \u00een care s\u0103 creasc\u0103 copiii. Iubesc Dubaiul, au investit foarte mult \u00een Dubai \u0219i cunosc ora\u0219ul, a\u0219a c\u0103 sunt \u00eencrez\u0103tori c\u0103 v\u0103 pot oferi cele mai bune op\u021biuni pentru a investi sau pentru a numi Dubai a doua cas\u0103.<\/p>\t\t\t\t\t\t\t\t<\/div>\n\t\t\t\t<\/div>\n\t\t\t\t\t<\/div>\n\t\t<\/div>\n\t\t\t\t\t<\/div>\n\t\t<\/section>\n\t\t\t\t<section class=\"elementor-section elementor-top-section elementor-element elementor-element-d9b8432 elementor-section-boxed elementor-section-height-default elementor-section-height-default\" data-id=\"d9b8432\" data-element_type=\"section\" data-e-type=\"section\" data-settings=\"{&quot;background_background&quot;:&quot;classic&quot;}\">\n\t\t\t\t\t\t<div class=\"elementor-container elementor-column-gap-default\">\n\t\t\t\t\t<div class=\"elementor-column elementor-col-50 elementor-top-column elementor-element elementor-element-b8c91c6\" data-id=\"b8c91c6\" data-element_type=\"column\" data-e-type=\"column\">\n\t\t\t<div class=\"elementor-widget-wrap elementor-element-populated\">\n\t\t\t\t\t\t<div class=\"elementor-element elementor-element-b90d55a elementor-widget elementor-widget-heading\" data-id=\"b90d55a\" data-element_type=\"widget\" data-e-type=\"widget\" data-widget_type=\"heading.default\">\n\t\t\t\t<div class=\"elementor-widget-container\">\n\t\t\t\t\t<h2 class=\"elementor-heading-title elementor-size-default\">The Serbinovs<\/h2>\t\t\t\t<\/div>\n\t\t\t\t<\/div>\n\t\t\t\t<div class=\"elementor-element elementor-element-e8b817d elementor-widget elementor-widget-text-editor\" data-id=\"e8b817d\" data-element_type=\"widget\" data-e-type=\"widget\" data-widget_type=\"text-editor.default\">\n\t\t\t\t<div class=\"elementor-widget-container\">\n\t\t\t\t\t\t\t\t\t<p>Ca proprietari a dou\u0103 agen\u021bii de turism de peste 12 ani, Alexandru \u0219i Iulia Serbinov au vizitat nenum\u0103rate ora\u0219e \u0219i \u021b\u0103ri \u0219i cred c\u0103 nimic nu se compar\u0103 cu Dubaiul.<\/p><p>Luxul, opulen\u021ba \u0219i oportunit\u0103\u021bile nesf\u00e2r\u0219ite sunt doar c\u00e2teva dintre ceea ce Dubaiul are de oferit odat\u0103 ce v\u0103 decide\u021bi s\u0103 locui\u021bi aici. Investi\u021biile sunt mai accesibile dec\u00e2t \u00een orice ora\u0219 mare din aceast\u0103 lume.<\/p>\t\t\t\t\t\t\t\t<\/div>\n\t\t\t\t<\/div>\n\t\t\t\t\t<\/div>\n\t\t<\/div>\n\t\t\t\t<div class=\"elementor-column elementor-col-50 elementor-top-column elementor-element elementor-element-5fdc922\" data-id=\"5fdc922\" data-element_type=\"column\" data-e-type=\"column\">\n\t\t\t<div class=\"elementor-widget-wrap elementor-element-populated\">\n\t\t\t\t\t\t<div class=\"elementor-element elementor-element-d5e85aa elementor-widget elementor-widget-image\" data-id=\"d5e85aa\" data-element_type=\"widget\" data-e-type=\"widget\" data-widget_type=\"image.default\">\n\t\t\t\t<div class=\"elementor-widget-container\">\n\t\t\t\t\t\t\t\t\t\t\t\t\t\t\t<img decoding=\"async\" width=\"800\" height=\"579\" src=\"https:\/\/onedubaiestate.com\/wp-content\/uploads\/2022\/04\/serbinov-1024x741.jpg\" class=\"attachment-large size-large wp-image-1071\" alt=\"\" srcset=\"https:\/\/onedubaiestate.com\/wp-content\/uploads\/2022\/04\/serbinov-1024x741.jpg 1024w, https:\/\/onedubaiestate.com\/wp-content\/uploads\/2022\/04\/serbinov-300x217.jpg 300w, https:\/\/onedubaiestate.com\/wp-content\/uploads\/2022\/04\/serbinov-768x555.jpg 768w, https:\/\/onedubaiestate.com\/wp-content\/uploads\/2022\/04\/serbinov.jpg 1062w\" sizes=\"(max-width: 800px) 100vw, 800px\" \/>\t\t\t\t\t\t\t\t\t\t\t\t\t\t\t<\/div>\n\t\t\t\t<\/div>\n\t\t\t\t\t<\/div>\n\t\t<\/div>\n\t\t\t\t\t<\/div>\n\t\t<\/section>\n\t\t\t\t<section class=\"elementor-section elementor-top-section elementor-element elementor-element-da3662f elementor-section-boxed elementor-section-height-default elementor-section-height-default\" data-id=\"da3662f\" data-element_type=\"section\" data-e-type=\"section\" data-settings=\"{&quot;background_background&quot;:&quot;classic&quot;}\">\n\t\t\t\t\t\t<div class=\"elementor-container elementor-column-gap-default\">\n\t\t\t\t\t<div class=\"elementor-column elementor-col-100 elementor-top-column elementor-element elementor-element-0bb8505\" data-id=\"0bb8505\" data-element_type=\"column\" data-e-type=\"column\">\n\t\t\t<div class=\"elementor-widget-wrap elementor-element-populated\">\n\t\t\t\t\t\t<div class=\"elementor-element elementor-element-7595b54 elementor-widget elementor-widget-heading\" data-id=\"7595b54\" data-element_type=\"widget\" data-e-type=\"widget\" data-widget_type=\"heading.default\">\n\t\t\t\t<div class=\"elementor-widget-container\">\n\t\t\t\t\t<h2 class=\"elementor-heading-title elementor-size-default\">Investe\u0219te ast\u0103zi \u00een Dubai<\/h2>\t\t\t\t<\/div>\n\t\t\t\t<\/div>\n\t\t\t\t<div class=\"elementor-element elementor-element-2d7b78a elementor-align-center elementor-widget elementor-widget-button\" data-id=\"2d7b78a\" data-element_type=\"widget\" data-e-type=\"widget\" data-widget_type=\"button.default\">\n\t\t\t\t<div class=\"elementor-widget-container\">\n\t\t\t\t\t\t\t\t\t<div class=\"elementor-button-wrapper\">\n\t\t\t\t\t<a class=\"elementor-button elementor-button-link elementor-size-sm\" href=\"https:\/\/onedubaiestate.com\/ro\/contacteaza-ne-2\/\">\n\t\t\t\t\t\t<span class=\"elementor-button-content-wrapper\">\n\t\t\t\t\t\t\t\t\t<span class=\"elementor-button-text\">Contacteaza-ne<\/span>\n\t\t\t\t\t<\/span>\n\t\t\t\t\t<\/a>\n\t\t\t\t<\/div>\n\t\t\t\t\t\t\t\t<\/div>\n\t\t\t\t<\/div>\n\t\t\t\t\t<\/div>\n\t\t<\/div>\n\t\t\t\t\t<\/div>\n\t\t<\/section>\n\t\t\t\t<\/div>\n\t\t","protected":false},"excerpt":{"rendered":"<p>Despre noi Dubai este unul dintre cele mai uimitoare locuri pentru a fi \u0219i \u00een mod clar un ora\u0219 foarte popular pentru investi\u021bii &#8211; \u0219i din motive \u00eentemeiate. De la insulele cu palmieri, la cea mai \u00eenalt\u0103 cl\u0103dire din lume, p\u00e2n\u0103 la kilometri \u0219i kilometri de plaje cu nisip \u0219i hoteluri de top cu priveli\u0219ti [&hellip;]<\/p>\n","protected":false},"author":2,"featured_media":0,"parent":0,"menu_order":0,"comment_status":"closed","ping_status":"closed","template":"","meta":{"inline_featured_image":false,"footnotes":""},"class_list":["post-407","page","type-page","status-publish","hentry"],"_links":{"self":[{"href":"https:\/\/onedubaiestate.com\/ro\/wp-json\/wp\/v2\/pages\/407","targetHints":{"allow":["GET"]}}],"collection":[{"href":"https:\/\/onedubaiestate.com\/ro\/wp-json\/wp\/v2\/pages"}],"about":[{"href":"https:\/\/onedubaiestate.com\/ro\/wp-json\/wp\/v2\/types\/page"}],"author":[{"embeddable":true,"href":"https:\/\/onedubaiestate.com\/ro\/wp-json\/wp\/v2\/users\/2"}],"replies":[{"embeddable":true,"href":"https:\/\/onedubaiestate.com\/ro\/wp-json\/wp\/v2\/comments?post=407"}],"version-history":[{"count":5,"href":"https:\/\/onedubaiestate.com\/ro\/wp-json\/wp\/v2\/pages\/407\/revisions"}],"predecessor-version":[{"id":5419,"href":"https:\/\/onedubaiestate.com\/ro\/wp-json\/wp\/v2\/pages\/407\/revisions\/5419"}],"wp:attachment":[{"href":"https:\/\/onedubaiestate.com\/ro\/wp-json\/wp\/v2\/media?parent=407"}],"curies":[{"name":"wp","href":"https:\/\/api.w.org\/{rel}","templated":true}]}}