{"id":415,"date":"2022-04-08T02:34:19","date_gmt":"2022-04-07T22:34:19","guid":{"rendered":"https:\/\/onedubai-estate.com\/contacteaza-ne-2\/"},"modified":"2022-09-29T14:56:45","modified_gmt":"2022-09-29T10:56:45","slug":"contacteaza-ne-2","status":"publish","type":"page","link":"https:\/\/onedubaiestate.com\/ro\/contacteaza-ne-2\/","title":{"rendered":"Contacteaz\u0103-ne"},"content":{"rendered":"\t\t<div data-elementor-type=\"wp-page\" data-elementor-id=\"415\" class=\"elementor elementor-415 elementor-413\" data-elementor-settings=\"{&quot;ha_cmc_init_switcher&quot;:&quot;no&quot;}\">\n\t\t\t\t\t\t<section class=\"elementor-section elementor-top-section elementor-element elementor-element-f927cf2 elementor-section-height-min-height elementor-section-items-top elementor-section-boxed elementor-section-height-default\" data-id=\"f927cf2\" data-element_type=\"section\" data-e-type=\"section\" data-settings=\"{&quot;background_background&quot;:&quot;classic&quot;}\">\n\t\t\t\t\t\t<div class=\"elementor-container elementor-column-gap-default\">\n\t\t\t\t\t<div class=\"elementor-column elementor-col-100 elementor-top-column elementor-element elementor-element-4bf78e2\" data-id=\"4bf78e2\" data-element_type=\"column\" data-e-type=\"column\">\n\t\t\t<div class=\"elementor-widget-wrap elementor-element-populated\">\n\t\t\t\t\t\t<div class=\"elementor-element elementor-element-d1b4802 elementor-widget elementor-widget-heading\" data-id=\"d1b4802\" data-element_type=\"widget\" data-e-type=\"widget\" data-widget_type=\"heading.default\">\n\t\t\t\t<div class=\"elementor-widget-container\">\n\t\t\t\t\t<h2 class=\"elementor-heading-title elementor-size-default\">Contacteaz\u0103-ne<\/h2>\t\t\t\t<\/div>\n\t\t\t\t<\/div>\n\t\t\t\t<div class=\"elementor-element elementor-element-a51c2b9 elementor-widget elementor-widget-text-editor\" data-id=\"a51c2b9\" data-element_type=\"widget\" data-e-type=\"widget\" data-widget_type=\"text-editor.default\">\n\t\t\t\t<div class=\"elementor-widget-container\">\n\t\t\t\t\t\t\t\t\t<p>Ave\u021bi \u00eentreb\u0103ri sau dori\u021bi s\u0103 programa\u021bi o vizit\u0103 la fa\u021ba locului? Echipa noastr\u0103 v\u0103 va ajuta cu pl\u0103cere.<br>Doar completa\u021bi formularul de mai jos \u0219i v\u0103 vom contacta c\u00e2t mai cur\u00e2nd posibil.<\/p>\t\t\t\t\t\t\t\t<\/div>\n\t\t\t\t<\/div>\n\t\t\t\t\t<\/div>\n\t\t<\/div>\n\t\t\t\t\t<\/div>\n\t\t<\/section>\n\t\t\t\t<section class=\"elementor-section elementor-top-section elementor-element elementor-element-2faa371 elementor-section-boxed elementor-section-height-default elementor-section-height-default\" data-id=\"2faa371\" data-element_type=\"section\" data-e-type=\"section\" data-settings=\"{&quot;background_background&quot;:&quot;classic&quot;}\">\n\t\t\t\t\t\t<div class=\"elementor-container elementor-column-gap-default\">\n\t\t\t\t\t<div class=\"elementor-column elementor-col-100 elementor-top-column elementor-element elementor-element-3880c6a\" data-id=\"3880c6a\" data-element_type=\"column\" data-e-type=\"column\" data-settings=\"{&quot;background_background&quot;:&quot;classic&quot;}\">\n\t\t\t<div class=\"elementor-widget-wrap elementor-element-populated\">\n\t\t\t\t\t\t<div class=\"elementor-element elementor-element-793a650 elementor-widget elementor-widget-ha-cf7 happy-addon ha-cf7\" data-id=\"793a650\" data-element_type=\"widget\" data-e-type=\"widget\" data-widget_type=\"ha-cf7.default\">\n\t\t\t\t<div class=\"elementor-widget-container\">\n\t\t\t\t\t\n<div class=\"wpcf7 no-js\" id=\"wpcf7-f5144-o1\" lang=\"ro-RO\" dir=\"ltr\" data-wpcf7-id=\"5144\">\n<div class=\"screen-reader-response\"><p role=\"status\" aria-live=\"polite\" aria-atomic=\"true\"><\/p> <ul><\/ul><\/div>\n<form action=\"\/ro\/wp-json\/wp\/v2\/pages\/415#wpcf7-f5144-o1\" method=\"post\" class=\"wpcf7-form init ha-cf7-form\" aria-label=\"Formular de contact\" novalidate=\"novalidate\" data-status=\"init\">\n<fieldset class=\"hidden-fields-container\"><input type=\"hidden\" name=\"_wpcf7\" value=\"5144\" \/><input type=\"hidden\" name=\"_wpcf7_version\" value=\"6.1.5\" \/><input type=\"hidden\" name=\"_wpcf7_locale\" value=\"ro_RO\" \/><input type=\"hidden\" name=\"_wpcf7_unit_tag\" value=\"wpcf7-f5144-o1\" \/><input type=\"hidden\" name=\"_wpcf7_container_post\" value=\"0\" \/><input type=\"hidden\" name=\"_wpcf7_posted_data_hash\" value=\"\" \/>\n<\/fieldset>\n<p><label> Nume<br \/>\n<span class=\"wpcf7-form-control-wrap\" data-name=\"your-name\"><input size=\"40\" maxlength=\"400\" class=\"wpcf7-form-control wpcf7-text wpcf7-validates-as-required\" aria-required=\"true\" aria-invalid=\"false\" value=\"\" type=\"text\" name=\"your-name\" \/><\/span> <\/label>\n<\/p>\n<p><label> Email<br \/>\n<span class=\"wpcf7-form-control-wrap\" data-name=\"your-email\"><input size=\"40\" maxlength=\"400\" class=\"wpcf7-form-control wpcf7-email wpcf7-validates-as-required wpcf7-text wpcf7-validates-as-email\" aria-required=\"true\" aria-invalid=\"false\" value=\"\" type=\"email\" name=\"your-email\" \/><\/span> <\/label>\n<\/p>\n<p><label> Subiect<br \/>\n<span class=\"wpcf7-form-control-wrap\" data-name=\"your-subject\"><input size=\"40\" maxlength=\"400\" class=\"wpcf7-form-control wpcf7-text wpcf7-validates-as-required\" aria-required=\"true\" aria-invalid=\"false\" value=\"\" type=\"text\" name=\"your-subject\" \/><\/span> <\/label>\n<\/p>\n<p><label> Mesaj (optional)<br \/>\n<span class=\"wpcf7-form-control-wrap\" data-name=\"your-message\"><textarea cols=\"40\" rows=\"10\" maxlength=\"2000\" class=\"wpcf7-form-control wpcf7-textarea\" aria-invalid=\"false\" name=\"your-message\"><\/textarea><\/span> <\/label>\n<\/p>\n<p><input class=\"wpcf7-form-control wpcf7-submit has-spinner\" type=\"submit\" value=\"Trimite\" \/>\n<\/p><div class=\"wpcf7-response-output\" aria-hidden=\"true\"><\/div>\n<\/form>\n<\/div>\n\t\t\t\t<\/div>\n\t\t\t\t<\/div>\n\t\t\t\t\t<\/div>\n\t\t<\/div>\n\t\t\t\t\t<\/div>\n\t\t<\/section>\n\t\t\t\t<section class=\"elementor-section elementor-top-section elementor-element elementor-element-f04428e elementor-section-boxed elementor-section-height-default elementor-section-height-default\" data-id=\"f04428e\" data-element_type=\"section\" data-e-type=\"section\" data-settings=\"{&quot;background_background&quot;:&quot;classic&quot;}\">\n\t\t\t\t\t\t<div class=\"elementor-container elementor-column-gap-default\">\n\t\t\t\t\t<div class=\"elementor-column elementor-col-100 elementor-top-column elementor-element elementor-element-c985062\" data-id=\"c985062\" data-element_type=\"column\" data-e-type=\"column\">\n\t\t\t<div class=\"elementor-widget-wrap elementor-element-populated\">\n\t\t\t\t\t\t<section class=\"elementor-section elementor-inner-section elementor-element elementor-element-ac79131 elementor-section-boxed elementor-section-height-default elementor-section-height-default\" data-id=\"ac79131\" data-element_type=\"section\" data-e-type=\"section\">\n\t\t\t\t\t\t<div class=\"elementor-container elementor-column-gap-default\">\n\t\t\t\t\t<div class=\"elementor-column elementor-col-33 elementor-inner-column elementor-element elementor-element-f12eb52\" data-id=\"f12eb52\" data-element_type=\"column\" data-e-type=\"column\">\n\t\t\t<div class=\"elementor-widget-wrap elementor-element-populated\">\n\t\t\t\t\t\t<div class=\"elementor-element elementor-element-da81150 elementor-position-block-start elementor-view-default elementor-mobile-position-block-start elementor-widget elementor-widget-icon-box\" data-id=\"da81150\" data-element_type=\"widget\" data-e-type=\"widget\" data-widget_type=\"icon-box.default\">\n\t\t\t\t<div class=\"elementor-widget-container\">\n\t\t\t\t\t\t\t<div class=\"elementor-icon-box-wrapper\">\n\n\t\t\t\t\t\t<div class=\"elementor-icon-box-icon\">\n\t\t\t\t<span  class=\"elementor-icon\">\n\t\t\t\t<svg xmlns=\"http:\/\/www.w3.org\/2000\/svg\" xmlns:xlink=\"http:\/\/www.w3.org\/1999\/xlink\" id=\"Layer_1\" x=\"0px\" y=\"0px\" viewBox=\"0 0 29.69 29.69\" style=\"enable-background:new 0 0 29.69 29.69;\" xml:space=\"preserve\"><style type=\"text\/css\">\t.st0{fill:none;stroke:#000000;stroke-miterlimit:10;}<\/style><g>\t<path class=\"st0\" d=\"M27.57,23.73H2.12c-0.91,0-1.65-0.74-1.65-1.65V7.61c0-0.91,0.74-1.65,1.65-1.65h25.44   c0.91,0,1.65,0.74,1.65,1.65v14.47C29.21,22.99,28.48,23.73,27.57,23.73z\"><\/path>\t<polyline class=\"st0\" points=\"0.48,10.43 14.85,14.85 29.21,10.43  \"><\/polyline><\/g><\/svg>\t\t\t\t<\/span>\n\t\t\t<\/div>\n\t\t\t\n\t\t\t\t\t\t<div class=\"elementor-icon-box-content\">\n\n\t\t\t\t\t\t\t\t\t<h5 class=\"elementor-icon-box-title\">\n\t\t\t\t\t\t<span  >\n\t\t\t\t\t\t\tE-mail\t\t\t\t\t\t<\/span>\n\t\t\t\t\t<\/h5>\n\t\t\t\t\n\t\t\t\t\t\t\t\t\t<p class=\"elementor-icon-box-description\">\n\t\t\t\t\t\tsales@onedubai-estate.com\t\t\t\t\t<\/p>\n\t\t\t\t\n\t\t\t<\/div>\n\t\t\t\n\t\t<\/div>\n\t\t\t\t\t\t<\/div>\n\t\t\t\t<\/div>\n\t\t\t\t\t<\/div>\n\t\t<\/div>\n\t\t\t\t<div class=\"elementor-column elementor-col-33 elementor-inner-column elementor-element elementor-element-a94a9be\" data-id=\"a94a9be\" data-element_type=\"column\" data-e-type=\"column\">\n\t\t\t<div class=\"elementor-widget-wrap elementor-element-populated\">\n\t\t\t\t\t\t<div class=\"elementor-element elementor-element-8e1587a elementor-position-block-start elementor-view-default elementor-mobile-position-block-start elementor-widget elementor-widget-icon-box\" data-id=\"8e1587a\" data-element_type=\"widget\" data-e-type=\"widget\" data-widget_type=\"icon-box.default\">\n\t\t\t\t<div class=\"elementor-widget-container\">\n\t\t\t\t\t\t\t<div class=\"elementor-icon-box-wrapper\">\n\n\t\t\t\t\t\t<div class=\"elementor-icon-box-icon\">\n\t\t\t\t<span  class=\"elementor-icon\">\n\t\t\t\t<svg xmlns=\"http:\/\/www.w3.org\/2000\/svg\" xmlns:xlink=\"http:\/\/www.w3.org\/1999\/xlink\" id=\"Layer_1\" x=\"0px\" y=\"0px\" viewBox=\"0 0 29.69 29.69\" style=\"enable-background:new 0 0 29.69 29.69;\" xml:space=\"preserve\"><style type=\"text\/css\">\t.st0{fill:none;stroke:#000000;stroke-miterlimit:10;}<\/style><g>\t<g>\t\t<path class=\"st0\" d=\"M7.15,26.81l0.45,0.27c2.2,1.31,4.71,2,7.25,2c7.85,0,14.24-6.39,14.24-14.24c0-7.85-6.39-14.24-14.24-14.24    C7,0.61,0.61,7,0.61,14.85c0,2.77,0.8,5.46,2.33,7.78l0.28,0.43l-1.81,5.85L7.15,26.81z\"><\/path>\t<\/g>\t<path class=\"st0\" d=\"M8.84,6.61c-0.32,0.11-0.58,0.3-0.98,0.71c-0.87,0.91-1.28,1.87-1.34,3.15c-0.07,1.47,0.51,3.1,1.8,5.1   c2.17,3.35,4.35,5.31,7.23,6.51c1.48,0.62,2.44,0.93,3.08,1.03c0.48,0.06,1.42-0.08,2-0.3c0.53-0.21,1.27-0.69,1.59-1.05   c0.5-0.55,0.94-1.78,0.94-2.66c0-0.36-0.01-0.41-0.14-0.55c-0.26-0.29-3.51-1.98-3.9-2.04c-0.35-0.05-0.49,0.05-1.06,0.72   c-0.89,1.04-1.17,1.31-1.33,1.31c-0.18,0-1.42-0.62-2.01-1.01c-1.44-0.95-2.64-2.26-3.58-3.92c-0.08-0.13-0.14-0.26-0.14-0.29   s0.16-0.24,0.36-0.45c0.48-0.53,0.64-0.77,0.85-1.27c0.24-0.56,0.23-0.71-0.09-1.55c-0.45-1.23-0.59-1.62-0.84-2.28   c-0.26-0.69-0.45-0.99-0.71-1.1C10.35,6.57,9.09,6.53,8.84,6.61z\"><\/path><\/g><\/svg>\t\t\t\t<\/span>\n\t\t\t<\/div>\n\t\t\t\n\t\t\t\t\t\t<div class=\"elementor-icon-box-content\">\n\n\t\t\t\t\t\t\t\t\t<h5 class=\"elementor-icon-box-title\">\n\t\t\t\t\t\t<span  >\n\t\t\t\t\t\t\tWhatsapp\t\t\t\t\t\t<\/span>\n\t\t\t\t\t<\/h5>\n\t\t\t\t\n\t\t\t\t\t\t\t\t\t<p class=\"elementor-icon-box-description\">\n\t\t\t\t\t\tRom\u00e2nia +4 0730 583 488 <br>\nDubai +971 58 540 2405\t\t\t\t\t<\/p>\n\t\t\t\t\n\t\t\t<\/div>\n\t\t\t\n\t\t<\/div>\n\t\t\t\t\t\t<\/div>\n\t\t\t\t<\/div>\n\t\t\t\t\t<\/div>\n\t\t<\/div>\n\t\t\t\t<div class=\"elementor-column elementor-col-33 elementor-inner-column elementor-element elementor-element-5e45e00\" data-id=\"5e45e00\" data-element_type=\"column\" data-e-type=\"column\">\n\t\t\t<div class=\"elementor-widget-wrap elementor-element-populated\">\n\t\t\t\t\t\t<div class=\"elementor-element elementor-element-c79d3bc elementor-position-block-start elementor-view-default elementor-mobile-position-block-start elementor-widget elementor-widget-icon-box\" data-id=\"c79d3bc\" data-element_type=\"widget\" data-e-type=\"widget\" data-widget_type=\"icon-box.default\">\n\t\t\t\t<div class=\"elementor-widget-container\">\n\t\t\t\t\t\t\t<div class=\"elementor-icon-box-wrapper\">\n\n\t\t\t\t\t\t<div class=\"elementor-icon-box-icon\">\n\t\t\t\t<span  class=\"elementor-icon\">\n\t\t\t\t<svg xmlns=\"http:\/\/www.w3.org\/2000\/svg\" xmlns:xlink=\"http:\/\/www.w3.org\/1999\/xlink\" id=\"Layer_1\" x=\"0px\" y=\"0px\" viewBox=\"0 0 29.69 43.18\" style=\"enable-background:new 0 0 29.69 43.18;\" xml:space=\"preserve\"><style type=\"text\/css\">\t.st0{fill:none;stroke:#000000;stroke-miterlimit:10;}<\/style><g id=\"_x37_\">\t<path class=\"st0\" d=\"M26.85,16.1c0,7.52-12,22.98-12,22.98s-12-15.31-12-22.98c0-6.63,5.37-12,12-12S26.85,9.47,26.85,16.1z\"><\/path>\t<circle class=\"st0\" cx=\"14.85\" cy=\"16.1\" r=\"6.6\"><\/circle><\/g><\/svg>\t\t\t\t<\/span>\n\t\t\t<\/div>\n\t\t\t\n\t\t\t\t\t\t<div class=\"elementor-icon-box-content\">\n\n\t\t\t\t\t\t\t\t\t<h5 class=\"elementor-icon-box-title\">\n\t\t\t\t\t\t<span  >\n\t\t\t\t\t\t\tLoca\u021bie\t\t\t\t\t\t<\/span>\n\t\t\t\t\t<\/h5>\n\t\t\t\t\n\t\t\t\t\t\t\t\t\t<p class=\"elementor-icon-box-description\">\n\t\t\t\t\t\tDubai, Emiratele Arabe Unite\t\t\t\t\t<\/p>\n\t\t\t\t\n\t\t\t<\/div>\n\t\t\t\n\t\t<\/div>\n\t\t\t\t\t\t<\/div>\n\t\t\t\t<\/div>\n\t\t\t\t\t<\/div>\n\t\t<\/div>\n\t\t\t\t\t<\/div>\n\t\t<\/section>\n\t\t\t\t\t<\/div>\n\t\t<\/div>\n\t\t\t\t\t<\/div>\n\t\t<\/section>\n\t\t\t\t<\/div>\n\t\t","protected":false},"excerpt":{"rendered":"<p>Contacteaz\u0103-ne Ave\u021bi \u00eentreb\u0103ri sau dori\u021bi s\u0103 programa\u021bi o vizit\u0103 la fa\u021ba locului? Echipa noastr\u0103 v\u0103 va ajuta cu pl\u0103cere.Doar completa\u021bi formularul de mai jos \u0219i v\u0103 vom contacta c\u00e2t mai cur\u00e2nd posibil. Nume Email Subiect Mesaj (optional) E-mail sales@onedubai-estate.com Whatsapp Rom\u00e2nia +4 0730 583 488 Dubai +971 58 540 2405 Loca\u021bie Dubai, Emiratele Arabe Unite<\/p>\n","protected":false},"author":2,"featured_media":0,"parent":0,"menu_order":0,"comment_status":"closed","ping_status":"closed","template":"","meta":{"inline_featured_image":false,"footnotes":""},"class_list":["post-415","page","type-page","status-publish","hentry"],"_links":{"self":[{"href":"https:\/\/onedubaiestate.com\/ro\/wp-json\/wp\/v2\/pages\/415","targetHints":{"allow":["GET"]}}],"collection":[{"href":"https:\/\/onedubaiestate.com\/ro\/wp-json\/wp\/v2\/pages"}],"about":[{"href":"https:\/\/onedubaiestate.com\/ro\/wp-json\/wp\/v2\/types\/page"}],"author":[{"embeddable":true,"href":"https:\/\/onedubaiestate.com\/ro\/wp-json\/wp\/v2\/users\/2"}],"replies":[{"embeddable":true,"href":"https:\/\/onedubaiestate.com\/ro\/wp-json\/wp\/v2\/comments?post=415"}],"version-history":[{"count":5,"href":"https:\/\/onedubaiestate.com\/ro\/wp-json\/wp\/v2\/pages\/415\/revisions"}],"predecessor-version":[{"id":5147,"href":"https:\/\/onedubaiestate.com\/ro\/wp-json\/wp\/v2\/pages\/415\/revisions\/5147"}],"wp:attachment":[{"href":"https:\/\/onedubaiestate.com\/ro\/wp-json\/wp\/v2\/media?parent=415"}],"curies":[{"name":"wp","href":"https:\/\/api.w.org\/{rel}","templated":true}]}}